{"id":26,"date":"2026-02-25T16:35:30","date_gmt":"2026-02-25T16:35:30","guid":{"rendered":"https:\/\/tirage-oracle.com\/?page_id=26"},"modified":"2026-03-27T16:46:40","modified_gmt":"2026-03-27T16:46:40","slug":"blog","status":"publish","type":"page","link":"https:\/\/tirage-oracle.com\/en\/blog\/","title":{"rendered":"Blog"},"content":{"rendered":"<div data-elementor-type=\"wp-page\" data-elementor-id=\"26\" class=\"elementor elementor-26\" data-elementor-post-type=\"page\">\n\t\t\t\t<div class=\"elementor-element elementor-element-2b022dca e-flex e-con-boxed wpr-particle-no wpr-jarallax-no wpr-parallax-no wpr-sticky-section-no wpr-equal-height-no e-con e-parent\" data-id=\"2b022dca\" data-element_type=\"container\" data-e-type=\"container\" data-settings=\"{&quot;background_background&quot;:&quot;classic&quot;}\">\n\t\t\t\t\t<div class=\"e-con-inner\">\n\t\t\t\t<div class=\"elementor-element elementor-element-658cf655 elementor-widget elementor-widget-heading\" data-id=\"658cf655\" data-element_type=\"widget\" data-e-type=\"widget\" data-widget_type=\"heading.default\">\n\t\t\t\t\t<h2 class=\"elementor-heading-title elementor-size-default\">Blog<\/h2>\t\t\t\t<\/div>\n\t\t\t\t\t<\/div>\n\t\t\t\t<\/div>\n\t\t<div class=\"elementor-element elementor-element-466919f8 e-flex e-con-boxed wpr-particle-no wpr-jarallax-no wpr-parallax-no wpr-sticky-section-no wpr-equal-height-no e-con e-parent\" data-id=\"466919f8\" data-element_type=\"container\" data-e-type=\"container\" data-settings=\"{&quot;background_background&quot;:&quot;classic&quot;}\">\n\t\t\t\t\t<div class=\"e-con-inner\">\n\t\t\t\t<div class=\"elementor-element elementor-element-8e360e8 wpr-grid-columns-3 wpr-grid-columns--tablet2 wpr-grid-columns--mobile1 wpr-grid-pagination-center wpr-item-styles-inner elementor-widget elementor-widget-wpr-grid\" data-id=\"8e360e8\" data-element_type=\"widget\" data-e-type=\"widget\" data-widget_type=\"wpr-grid.default\">\n\t\t\t\t\t<ul class=\"wpr-grid-filters elementor-clearfix wpr-grid-filters-sep-right\"><\/ul><section class=\"wpr-grid elementor-clearfix\" data-settings=\"{&quot;layout&quot;:&quot;masonry&quot;,&quot;stick_last_element_to_bottom&quot;:&quot;no&quot;,&quot;columns_desktop&quot;:&quot;3&quot;,&quot;gutter_hr&quot;:58,&quot;gutter_hr_mobile&quot;:58,&quot;gutter_hr_mobile_extra&quot;:58,&quot;gutter_hr_tablet&quot;:58,&quot;gutter_hr_tablet_extra&quot;:58,&quot;gutter_hr_laptop&quot;:58,&quot;gutter_hr_widescreen&quot;:58,&quot;gutter_vr&quot;:48,&quot;gutter_vr_mobile&quot;:48,&quot;gutter_vr_mobile_extra&quot;:48,&quot;gutter_vr_tablet&quot;:48,&quot;gutter_vr_tablet_extra&quot;:48,&quot;gutter_vr_laptop&quot;:48,&quot;gutter_vr_widescreen&quot;:48,&quot;animation&quot;:&quot;default&quot;,&quot;animation_duration&quot;:0.3,&quot;animation_delay&quot;:0.1,&quot;deeplinking&quot;:&quot;no&quot;,&quot;filters_linkable&quot;:&quot;no&quot;,&quot;filters_default_filter&quot;:&quot;&quot;,&quot;filters_count&quot;:&quot;no&quot;,&quot;filters_hide_empty&quot;:&quot;no&quot;,&quot;filters_animation&quot;:&quot;default&quot;,&quot;filters_animation_duration&quot;:0.3,&quot;filters_animation_delay&quot;:0.1,&quot;pagination_type&quot;:&quot;load-more&quot;,&quot;pagination_max_pages&quot;:2,&quot;lightbox&quot;:{&quot;selector&quot;:&quot;.wpr-grid-image-wrap&quot;,&quot;iframeMaxWidth&quot;:&quot;60%&quot;,&quot;hash&quot;:false,&quot;autoplay&quot;:&quot;true&quot;,&quot;pause&quot;:5000,&quot;progressBar&quot;:&quot;true&quot;,&quot;counter&quot;:&quot;true&quot;,&quot;controls&quot;:&quot;true&quot;,&quot;getCaptionFromTitleOrAlt&quot;:&quot;true&quot;,&quot;thumbnail&quot;:&quot;true&quot;,&quot;showThumbByDefault&quot;:&quot;true&quot;,&quot;share&quot;:&quot;true&quot;,&quot;zoom&quot;:&quot;true&quot;,&quot;fullScreen&quot;:&quot;true&quot;,&quot;download&quot;:&quot;true&quot;}}\" data-advanced-filters=\"no\"><article class=\"wpr-grid-item elementor-clearfix post-3353 post type-post status-publish format-standard hentry category-uncategorized\"><div class=\"wpr-grid-item-inner\"><div class=\"wpr-grid-item-below-content elementor-clearfix\"><h2 class=\"wpr-grid-item-title elementor-repeater-item-c5f9a2d wpr-grid-item-display-block wpr-grid-item-align-left wpr-pointer-none wpr-pointer-line-fx wpr-pointer-fx-slide\"><div class=\"inner-block\"><a target=\"_self\"  href=\"https:\/\/tirage-oracle.com\/en\/tirage-oracle-gratuit-en-ligne-guide-complet-pour-obtenir-des-reponses-fiables\/\">Tirage oracle gratuit en ligne : guide complet pour obtenir des r\u00e9ponses fiables<\/a><\/div><\/h2><div class=\"wpr-grid-item-excerpt elementor-repeater-item-7034748 wpr-grid-item-display-block wpr-grid-item-align-left\"><div class=\"inner-block\"><p>Le tirage oracle gratuit en ligne s\u00e9duit de plus en plus de personnes en qu\u00eate de guidance spirituelle. Que vous...<\/p><\/div><\/div><\/div><\/div><\/article><article class=\"wpr-grid-item elementor-clearfix post-3196 post type-post status-publish format-standard has-post-thumbnail hentry category-tarot\"><div class=\"wpr-grid-item-inner\"><div class=\"wpr-grid-media-wrap wpr-effect-size-medium\" data-overlay-link=\"yes\"><div class=\"wpr-grid-image-wrap\" data-src=\"https:\/\/tirage-oracle.com\/wp-content\/uploads\/2026\/03\/pexels-photo-4790579-200x300.jpeg\" data-img-on-hover=\"\"  data-src-secondary=\"\"><img decoding=\"async\" data-no-lazy=\"1\" src=\"https:\/\/tirage-oracle.com\/wp-content\/uploads\/2026\/03\/pexels-photo-4790579-200x300.jpeg\" alt=\"burning candles near tarot cards on table\" class=\"wpr-anim-timing-ease-default\"><\/div><div class=\"wpr-grid-media-hover wpr-animation-wrap\"><div class=\"wpr-grid-media-hover-bg  wpr-overlay-fade-in wpr-anim-size-large wpr-anim-timing-ease-default wpr-anim-transparency\" data-url=\"https:\/\/tirage-oracle.com\/en\/tirage-en-croix-methode-complete-pour-interpreter-les-cartes\/\"><\/div><div class=\"wpr-cv-container\"><div class=\"wpr-cv-outer\"><div class=\"wpr-cv-inner\"><div class=\"wpr-grid-media-hover-middle elementor-clearfix\"><div class=\"wpr-grid-item-read-more elementor-repeater-item-ab8682c wpr-grid-item-display-block wpr-grid-item-align-left\"><div class=\"inner-block\"><a target=\"_self\" href=\"https:\/\/tirage-oracle.com\/en\/tirage-en-croix-methode-complete-pour-interpreter-les-cartes\/\" class=\"wpr-button-effect wpr-button-none\"><span><\/span><\/a><\/div><\/div><\/div><\/div><\/div><\/div><\/div><\/div><div class=\"wpr-grid-item-below-content elementor-clearfix\"><h2 class=\"wpr-grid-item-title elementor-repeater-item-c5f9a2d wpr-grid-item-display-block wpr-grid-item-align-left wpr-pointer-none wpr-pointer-line-fx wpr-pointer-fx-slide\"><div class=\"inner-block\"><a target=\"_self\"  href=\"https:\/\/tirage-oracle.com\/en\/tirage-en-croix-methode-complete-pour-interpreter-les-cartes\/\">Tirage en croix : m\u00e9thode compl\u00e8te pour interpr\u00e9ter les cartes<\/a><\/div><\/h2><div class=\"wpr-grid-item-excerpt elementor-repeater-item-7034748 wpr-grid-item-display-block wpr-grid-item-align-left\"><div class=\"inner-block\"><p>Le tirage en croix est l&rsquo;une des m\u00e9thodes de lecture les plus populaires et les plus accessibles du tarot. Utilis\u00e9...<\/p><\/div><\/div><\/div><\/div><\/article><article class=\"wpr-grid-item elementor-clearfix post-3358 post type-post status-publish format-standard hentry category-oracle\"><div class=\"wpr-grid-item-inner\"><div class=\"wpr-grid-item-below-content elementor-clearfix\"><h2 class=\"wpr-grid-item-title elementor-repeater-item-c5f9a2d wpr-grid-item-display-block wpr-grid-item-align-left wpr-pointer-none wpr-pointer-line-fx wpr-pointer-fx-slide\"><div class=\"inner-block\"><a target=\"_self\"  href=\"https:\/\/tirage-oracle.com\/en\/tirage-belline-prenom-gratuit-methode-personnalisee-guidance-precise\/\">Tirage Belline pr\u00e9nom gratuit : m\u00e9thode personnalis\u00e9e pour une guidance pr\u00e9cise et fiable<\/a><\/div><\/h2><div class=\"wpr-grid-item-excerpt elementor-repeater-item-7034748 wpr-grid-item-display-block wpr-grid-item-align-left\"><div class=\"inner-block\"><p>Le tirage Belline pr\u00e9nom gratuit est une m\u00e9thode de consultation divinatoire qui utilise l&rsquo;\u00e9nergie vibratoire de votre pr\u00e9nom pour personnaliser...<\/p><\/div><\/div><\/div><\/div><\/article><article class=\"wpr-grid-item elementor-clearfix post-2994 post type-post status-publish format-standard has-post-thumbnail hentry category-tarot\"><div class=\"wpr-grid-item-inner\"><div class=\"wpr-grid-media-wrap wpr-effect-size-medium\" data-overlay-link=\"yes\"><div class=\"wpr-grid-image-wrap\" data-src=\"https:\/\/tirage-oracle.com\/wp-content\/uploads\/2026\/03\/tarot1-300x300.jpg\" data-img-on-hover=\"\"  data-src-secondary=\"\"><img decoding=\"async\" data-no-lazy=\"1\" src=\"https:\/\/tirage-oracle.com\/wp-content\/uploads\/2026\/03\/tarot1-300x300.jpg\" alt=\"Tirage tarot de Marseille gratuit en ligne\" class=\"wpr-anim-timing-ease-default\"><\/div><div class=\"wpr-grid-media-hover wpr-animation-wrap\"><div class=\"wpr-grid-media-hover-bg  wpr-overlay-fade-in wpr-anim-size-large wpr-anim-timing-ease-default wpr-anim-transparency\" data-url=\"https:\/\/tirage-oracle.com\/en\/tarot-oui-non-comment-obtenir-une-reponse-claire-avec-le-tarot\/\"><\/div><div class=\"wpr-cv-container\"><div class=\"wpr-cv-outer\"><div class=\"wpr-cv-inner\"><div class=\"wpr-grid-media-hover-middle elementor-clearfix\"><div class=\"wpr-grid-item-read-more elementor-repeater-item-ab8682c wpr-grid-item-display-block wpr-grid-item-align-left\"><div class=\"inner-block\"><a target=\"_self\" href=\"https:\/\/tirage-oracle.com\/en\/tarot-oui-non-comment-obtenir-une-reponse-claire-avec-le-tarot\/\" class=\"wpr-button-effect wpr-button-none\"><span><\/span><\/a><\/div><\/div><\/div><\/div><\/div><\/div><\/div><\/div><div class=\"wpr-grid-item-below-content elementor-clearfix\"><h2 class=\"wpr-grid-item-title elementor-repeater-item-c5f9a2d wpr-grid-item-display-block wpr-grid-item-align-left wpr-pointer-none wpr-pointer-line-fx wpr-pointer-fx-slide\"><div class=\"inner-block\"><a target=\"_self\"  href=\"https:\/\/tirage-oracle.com\/en\/tarot-oui-non-comment-obtenir-une-reponse-claire-avec-le-tarot\/\">Tarot oui non : comment obtenir une r\u00e9ponse claire avec le tarot ?<\/a><\/div><\/h2><div class=\"wpr-grid-item-excerpt elementor-repeater-item-7034748 wpr-grid-item-display-block wpr-grid-item-align-left\"><div class=\"inner-block\"><p>Le tirage tarot oui non est l&rsquo;une des consultations les plus recherch\u00e9es. Face \u00e0 une d\u00e9cision difficile, une incertitude ou...<\/p><\/div><\/div><\/div><\/div><\/article><article class=\"wpr-grid-item elementor-clearfix post-2988 post type-post status-publish format-standard has-post-thumbnail hentry category-tarot category-oracle\"><div class=\"wpr-grid-item-inner\"><div class=\"wpr-grid-media-wrap wpr-effect-size-medium\" data-overlay-link=\"yes\"><div class=\"wpr-grid-image-wrap\" data-src=\"https:\/\/tirage-oracle.com\/wp-content\/uploads\/2026\/03\/oracle1-300x300.jpg\" data-img-on-hover=\"\"  data-src-secondary=\"\"><img decoding=\"async\" data-no-lazy=\"1\" src=\"https:\/\/tirage-oracle.com\/wp-content\/uploads\/2026\/03\/oracle1-300x300.jpg\" alt=\"Oracle divinatoire - tirage en ligne gratuit\" class=\"wpr-anim-timing-ease-default\"><\/div><div class=\"wpr-grid-media-hover wpr-animation-wrap\"><div class=\"wpr-grid-media-hover-bg  wpr-overlay-fade-in wpr-anim-size-large wpr-anim-timing-ease-default wpr-anim-transparency\" data-url=\"https:\/\/tirage-oracle.com\/en\/tarot-ou-oracle-quelle-difference-et-lequel-choisir\/\"><\/div><div class=\"wpr-cv-container\"><div class=\"wpr-cv-outer\"><div class=\"wpr-cv-inner\"><div class=\"wpr-grid-media-hover-middle elementor-clearfix\"><div class=\"wpr-grid-item-read-more elementor-repeater-item-ab8682c wpr-grid-item-display-block wpr-grid-item-align-left\"><div class=\"inner-block\"><a target=\"_self\" href=\"https:\/\/tirage-oracle.com\/en\/tarot-ou-oracle-quelle-difference-et-lequel-choisir\/\" class=\"wpr-button-effect wpr-button-none\"><span><\/span><\/a><\/div><\/div><\/div><\/div><\/div><\/div><\/div><\/div><div class=\"wpr-grid-item-below-content elementor-clearfix\"><h2 class=\"wpr-grid-item-title elementor-repeater-item-c5f9a2d wpr-grid-item-display-block wpr-grid-item-align-left wpr-pointer-none wpr-pointer-line-fx wpr-pointer-fx-slide\"><div class=\"inner-block\"><a target=\"_self\"  href=\"https:\/\/tirage-oracle.com\/en\/tarot-ou-oracle-quelle-difference-et-lequel-choisir\/\">Tarot ou Oracle : quelle diff\u00e9rence et lequel choisir ?<\/a><\/div><\/h2><div class=\"wpr-grid-item-excerpt elementor-repeater-item-7034748 wpr-grid-item-display-block wpr-grid-item-align-left\"><div class=\"inner-block\"><p>Tarot ou Oracle ? C&rsquo;est l&rsquo;une des premi\u00e8res questions que se pose toute personne qui d\u00e9couvre la divination et souhaite...<\/p><\/div><\/div><\/div><\/div><\/article><article class=\"wpr-grid-item elementor-clearfix post-3371 post type-post status-publish format-standard hentry category-tarot\"><div class=\"wpr-grid-item-inner\"><div class=\"wpr-grid-item-below-content elementor-clearfix\"><h2 class=\"wpr-grid-item-title elementor-repeater-item-c5f9a2d wpr-grid-item-display-block wpr-grid-item-align-left wpr-pointer-none wpr-pointer-line-fx wpr-pointer-fx-slide\"><div class=\"inner-block\"><a target=\"_self\"  href=\"https:\/\/tirage-oracle.com\/en\/tarot-gratuit-immediat-guide-complet-pour-tirages-en-ligne-fiables-et-personnalises\/\">Tarot Gratuit Imm\u00e9diat : Guide Complet pour Tirages en Ligne Fiables et Personnalis\u00e9s<\/a><\/div><\/h2><div class=\"wpr-grid-item-excerpt elementor-repeater-item-7034748 wpr-grid-item-display-block wpr-grid-item-align-left\"><div class=\"inner-block\"><p>Vous cherchez un tirage tarot gratuit et imm\u00e9diat ? Dans notre \u00e9poque rapide, la capacit\u00e9 \u00e0 obtenir une guidance instantan\u00e9e...<\/p><\/div><\/div><\/div><\/div><\/article><article class=\"wpr-grid-item elementor-clearfix post-2998 post type-post status-publish format-standard has-post-thumbnail hentry category-tarot\"><div class=\"wpr-grid-item-inner\"><div class=\"wpr-grid-media-wrap wpr-effect-size-medium\" data-overlay-link=\"yes\"><div class=\"wpr-grid-image-wrap\" data-src=\"https:\/\/tirage-oracle.com\/wp-content\/uploads\/2026\/03\/tarologue-300x168.jpg\" data-img-on-hover=\"\"  data-src-secondary=\"\"><img decoding=\"async\" data-no-lazy=\"1\" src=\"https:\/\/tirage-oracle.com\/wp-content\/uploads\/2026\/03\/tarologue-300x168.jpg\" alt=\"Tirage tarot - consultation en ligne\" class=\"wpr-anim-timing-ease-default\"><\/div><div class=\"wpr-grid-media-hover wpr-animation-wrap\"><div class=\"wpr-grid-media-hover-bg  wpr-overlay-fade-in wpr-anim-size-large wpr-anim-timing-ease-default wpr-anim-transparency\" data-url=\"https:\/\/tirage-oracle.com\/en\/tarot-et-travail-quelles-questions-poser-pour-eclairer-sa-carriere\/\"><\/div><div class=\"wpr-cv-container\"><div class=\"wpr-cv-outer\"><div class=\"wpr-cv-inner\"><div class=\"wpr-grid-media-hover-middle elementor-clearfix\"><div class=\"wpr-grid-item-read-more elementor-repeater-item-ab8682c wpr-grid-item-display-block wpr-grid-item-align-left\"><div class=\"inner-block\"><a target=\"_self\" href=\"https:\/\/tirage-oracle.com\/en\/tarot-et-travail-quelles-questions-poser-pour-eclairer-sa-carriere\/\" class=\"wpr-button-effect wpr-button-none\"><span><\/span><\/a><\/div><\/div><\/div><\/div><\/div><\/div><\/div><\/div><div class=\"wpr-grid-item-below-content elementor-clearfix\"><h2 class=\"wpr-grid-item-title elementor-repeater-item-c5f9a2d wpr-grid-item-display-block wpr-grid-item-align-left wpr-pointer-none wpr-pointer-line-fx wpr-pointer-fx-slide\"><div class=\"inner-block\"><a target=\"_self\"  href=\"https:\/\/tirage-oracle.com\/en\/tarot-et-travail-quelles-questions-poser-pour-eclairer-sa-carriere\/\">Tarot et travail : quelles questions poser pour \u00e9clairer sa carri\u00e8re ?<\/a><\/div><\/h2><div class=\"wpr-grid-item-excerpt elementor-repeater-item-7034748 wpr-grid-item-display-block wpr-grid-item-align-left\"><div class=\"inner-block\"><p>Le tarot n&rsquo;est pas r\u00e9serv\u00e9 aux questions sentimentales. Il peut aussi \u00eatre un outil pr\u00e9cieux pour mieux comprendre sa situation...<\/p><\/div><\/div><\/div><\/div><\/article><article class=\"wpr-grid-item elementor-clearfix post-2985 post type-post status-publish format-standard has-post-thumbnail hentry category-tarot\"><div class=\"wpr-grid-item-inner\"><div class=\"wpr-grid-media-wrap wpr-effect-size-medium\" data-overlay-link=\"yes\"><div class=\"wpr-grid-image-wrap\" data-src=\"https:\/\/tirage-oracle.com\/wp-content\/uploads\/2026\/03\/tarot6-300x300.jpg\" data-img-on-hover=\"\"  data-src-secondary=\"\"><img decoding=\"async\" data-no-lazy=\"1\" src=\"https:\/\/tirage-oracle.com\/wp-content\/uploads\/2026\/03\/tarot6-300x300.jpg\" alt=\"Tirage tarot de Marseille gratuit en ligne\" class=\"wpr-anim-timing-ease-default\"><\/div><div class=\"wpr-grid-media-hover wpr-animation-wrap\"><div class=\"wpr-grid-media-hover-bg  wpr-overlay-fade-in wpr-anim-size-large wpr-anim-timing-ease-default wpr-anim-transparency\" data-url=\"https:\/\/tirage-oracle.com\/en\/tarot-de-marseille-pour-debutant-guide-complet-pour-lire-les-cartes\/\"><\/div><div class=\"wpr-cv-container\"><div class=\"wpr-cv-outer\"><div class=\"wpr-cv-inner\"><div class=\"wpr-grid-media-hover-middle elementor-clearfix\"><div class=\"wpr-grid-item-read-more elementor-repeater-item-ab8682c wpr-grid-item-display-block wpr-grid-item-align-left\"><div class=\"inner-block\"><a target=\"_self\" href=\"https:\/\/tirage-oracle.com\/en\/tarot-de-marseille-pour-debutant-guide-complet-pour-lire-les-cartes\/\" class=\"wpr-button-effect wpr-button-none\"><span><\/span><\/a><\/div><\/div><\/div><\/div><\/div><\/div><\/div><\/div><div class=\"wpr-grid-item-below-content elementor-clearfix\"><h2 class=\"wpr-grid-item-title elementor-repeater-item-c5f9a2d wpr-grid-item-display-block wpr-grid-item-align-left wpr-pointer-none wpr-pointer-line-fx wpr-pointer-fx-slide\"><div class=\"inner-block\"><a target=\"_self\"  href=\"https:\/\/tirage-oracle.com\/en\/tarot-de-marseille-pour-debutant-guide-complet-pour-lire-les-cartes\/\">Tarot de Marseille pour d\u00e9butant : guide complet pour lire les cartes<\/a><\/div><\/h2><div class=\"wpr-grid-item-excerpt elementor-repeater-item-7034748 wpr-grid-item-display-block wpr-grid-item-align-left\"><div class=\"inner-block\"><p>Le Tarot de Marseille est l&rsquo;un des jeux de tarot les plus anciens et les plus embl\u00e9matiques au monde. Avec...<\/p><\/div><\/div><\/div><\/div><\/article><article class=\"wpr-grid-item elementor-clearfix post-2597 post type-post status-publish format-standard has-post-thumbnail hentry category-uncategorized\"><div class=\"wpr-grid-item-inner\"><div class=\"wpr-grid-media-wrap wpr-effect-size-medium\" data-overlay-link=\"yes\"><div class=\"wpr-grid-image-wrap\" data-src=\"https:\/\/tirage-oracle.com\/wp-content\/uploads\/2026\/03\/tarot-amour-quelles-questions-poser-300x168.png\" data-img-on-hover=\"\"  data-src-secondary=\"\"><img decoding=\"async\" data-no-lazy=\"1\" src=\"https:\/\/tirage-oracle.com\/wp-content\/uploads\/2026\/03\/tarot-amour-quelles-questions-poser-300x168.png\" alt=\"Tirage tarot amour et questions a poser\" class=\"wpr-anim-timing-ease-default\"><\/div><div class=\"wpr-grid-media-hover wpr-animation-wrap\"><div class=\"wpr-grid-media-hover-bg  wpr-overlay-fade-in wpr-anim-size-large wpr-anim-timing-ease-default wpr-anim-transparency\" data-url=\"https:\/\/tirage-oracle.com\/en\/decouvre-quelles-questions-poser-pour-un-tirage-tarot-amour-plus-clair-comment-tirer-le-tarot-amoureux-et-mieux-interpreter-une-reponse-sentimentale\/\"><\/div><div class=\"wpr-cv-container\"><div class=\"wpr-cv-outer\"><div class=\"wpr-cv-inner\"><div class=\"wpr-grid-media-hover-middle elementor-clearfix\"><div class=\"wpr-grid-item-read-more elementor-repeater-item-ab8682c wpr-grid-item-display-block wpr-grid-item-align-left\"><div class=\"inner-block\"><a target=\"_self\" href=\"https:\/\/tirage-oracle.com\/en\/decouvre-quelles-questions-poser-pour-un-tirage-tarot-amour-plus-clair-comment-tirer-le-tarot-amoureux-et-mieux-interpreter-une-reponse-sentimentale\/\" class=\"wpr-button-effect wpr-button-none\"><span><\/span><\/a><\/div><\/div><\/div><\/div><\/div><\/div><\/div><\/div><div class=\"wpr-grid-item-below-content elementor-clearfix\"><h2 class=\"wpr-grid-item-title elementor-repeater-item-c5f9a2d wpr-grid-item-display-block wpr-grid-item-align-left wpr-pointer-none wpr-pointer-line-fx wpr-pointer-fx-slide\"><div class=\"inner-block\"><a target=\"_self\"  href=\"https:\/\/tirage-oracle.com\/en\/decouvre-quelles-questions-poser-pour-un-tirage-tarot-amour-plus-clair-comment-tirer-le-tarot-amoureux-et-mieux-interpreter-une-reponse-sentimentale\/\">Tarot amour : quelles questions poser pour obtenir une r\u00e9ponse claire<\/a><\/div><\/h2><div class=\"wpr-grid-item-excerpt elementor-repeater-item-7034748 wpr-grid-item-display-block wpr-grid-item-align-left\"><div class=\"inner-block\"><p>Un tirage tarot amour peut aider \u00e0 mieux comprendre une relation, clarifier les sentiments d\u2019une personne ou faire le point...<\/p><\/div><\/div><\/div><\/div><\/article><\/section><div class=\"wpr-grid-pagination elementor-clearfix wpr-grid-pagination-load-more\" data-pages=\"2\"><a href=\"https:\/\/tirage-oracle.com\/en\/wp-json\/wp\/v2\/pages\/26\/page\/2\/\" class=\"wpr-load-more-btn\" data-e-disable-page-transition>Load More<\/a><div class=\"wpr-pagination-loading\"><div class=\"wpr-double-bounce\"><div class=\"wpr-child wpr-double-bounce1\"><\/div><div class=\"wpr-child wpr-double-bounce2\"><\/div><\/div><\/div><p class=\"wpr-pagination-finish\">End of Content.<\/p><\/div>\t\t\t\t<\/div>\n\t\t\t\t\t<\/div>\n\t\t\t\t<\/div>\n\t\t\t\t<\/div>","protected":false},"excerpt":{"rendered":"<p>Blog Oracle de Belline : comment faire un tirage en croix amour et l\u2019interpr\u00e9ter L\u2019Oracle de Belline fait partie des jeux divinatoires les plus appr\u00e9ci\u00e9s pour \u00e9clairer une situation sentimentale, comprendre une relation ou&#8230; Comment poser une bonne question au pendule oui\/non Comment poser une bonne question au pendule oui\/non ? \u00a0 Le pendule oui\/non attire de plus en plus de personnes&#8230;<\/p>","protected":false},"author":1,"featured_media":0,"parent":0,"menu_order":0,"comment_status":"closed","ping_status":"closed","template":"elementor_header_footer","meta":{"footnotes":""},"class_list":["post-26","page","type-page","status-publish","hentry"],"acf":[],"jetpack_sharing_enabled":true,"_links":{"self":[{"href":"https:\/\/tirage-oracle.com\/en\/wp-json\/wp\/v2\/pages\/26","targetHints":{"allow":["GET"]}}],"collection":[{"href":"https:\/\/tirage-oracle.com\/en\/wp-json\/wp\/v2\/pages"}],"about":[{"href":"https:\/\/tirage-oracle.com\/en\/wp-json\/wp\/v2\/types\/page"}],"author":[{"embeddable":true,"href":"https:\/\/tirage-oracle.com\/en\/wp-json\/wp\/v2\/users\/1"}],"replies":[{"embeddable":true,"href":"https:\/\/tirage-oracle.com\/en\/wp-json\/wp\/v2\/comments?post=26"}],"version-history":[{"count":47,"href":"https:\/\/tirage-oracle.com\/en\/wp-json\/wp\/v2\/pages\/26\/revisions"}],"predecessor-version":[{"id":2915,"href":"https:\/\/tirage-oracle.com\/en\/wp-json\/wp\/v2\/pages\/26\/revisions\/2915"}],"wp:attachment":[{"href":"https:\/\/tirage-oracle.com\/en\/wp-json\/wp\/v2\/media?parent=26"}],"curies":[{"name":"wp","href":"https:\/\/api.w.org\/{rel}","templated":true}]}}